{"id":1337,"date":"2017-12-15T17:13:54","date_gmt":"2017-12-15T17:13:54","guid":{"rendered":"http:\/\/stage.cngov.ca\/?page_id=1337"},"modified":"2018-11-22T14:47:49","modified_gmt":"2018-11-22T18:47:49","slug":"le-grand-chef-et-president","status":"publish","type":"page","link":"https:\/\/stage.cngov.ca\/fr\/gouvernance-et-structure\/le-conseil\/le-grand-chef-et-president\/","title":{"rendered":"Le Grand Chef et pr\u00e9sident"},"content":{"rendered":"<p>&nbsp;<\/p>\n<figure id=\"attachment_4688\" aria-describedby=\"caption-attachment-4688\" style=\"width: 360px\" class=\"wp-caption alignnone\"><img decoding=\"async\" loading=\"lazy\" class=\"wp-image-4688 size-medium\" src=\"https:\/\/www.cngov.ca\/wp-content\/uploads\/2018\/11\/abel-bosum-feature-image-360x440.jpg\" alt=\"Grand Chief Portrait_2018\" width=\"360\" height=\"440\" \/><figcaption id=\"caption-attachment-4688\" class=\"wp-caption-text\">Grand Chef Dr. Abel Bosum<\/figcaption><\/figure>\n<p>&nbsp;<\/p>\n<p>Abel Bosum a fr\u00e9quent\u00e9 le pensionnat indien de La Tuque. Il a commenc\u00e9 \u00e0 travailler pour la Nation Crie en 1978, surtout dans le d\u00e9veloppement \u00e9conomique.<\/p>\n<p>De 1984 \u00e0 1998, il a \u00e9t\u00e9 le chef de la Nation Crie d&rsquo;Ouj\u00e9-Bougoumou. Apr\u00e8s les nombreuses relocalisations forc\u00e9es de sa communaut\u00e9, il a conduit les siens lors de la planification et la construction d&rsquo;un nouveau village novateur. Ouj\u00e9-Bougoumou a joui d\u2019une reconnaissance internationale pour ses r\u00e9alisations dans le domaine du d\u00e9veloppement communautaire.<\/p>\n<p>De 1999 \u00e0 2017, Abel a \u00e9t\u00e9 le n\u00e9gociateur des Cris en mati\u00e8re de relations Cris-Qu\u00e9bec. Il a dirig\u00e9 les n\u00e9gociations de l\u2019<em data-redactor-tag=\"em\">Entente concernant une nouvelle relation\u00a0<\/em>entre le Qu\u00e9bec et la Nation Crie, ouvrant ainsi la voie \u00e0 la r\u00e9conciliation. L\u2019Entente a \u00e9tabli de nouvelles normes sur la reconnaissance des droits des Autochtones.<\/p>\n<p>Abel a dirig\u00e9 les n\u00e9gociations de l&rsquo;<em data-redactor-tag=\"em\">Entente sur la gouvernance Cris-Qu\u00e9bec,<\/em>\u00a0\u00e9largissant ainsi le r\u00f4le de la Nation Crie dans la gouvernance d&rsquo;une grande partie du Nord du Qu\u00e9bec, \u00e9tendant le champ de comp\u00e9tence de la Nation Crie sur son territoire traditionnel, et donnant une voix \u00e0 tous les r\u00e9sidents du territoire. Il a conclu des accords en mati\u00e8re de sant\u00e9, de services sociaux, et d&rsquo;exploitation foresti\u00e8re et mini\u00e8re.<\/p>\n<p>En tant que pr\u00e9sident de la Fondation Aanischaaukamikw, il a r\u00e9ussi \u00e0 amasser des fonds pour la construction de l&rsquo;Institut culturel cri Aanischaaukamikw, un mus\u00e9e cri prim\u00e9.<\/p>\n<p>En 1998, Abel a \u00e9t\u00e9 laur\u00e9at du Prix national d&rsquo;excellence d\u00e9cern\u00e9 aux Autochtones, et, en 2016, l&rsquo;Universit\u00e9 Bishop&rsquo;s lui a d\u00e9cern\u00e9 un doctorat honorifique en droit civil.<\/p>\n<p>La Nation Crie a \u00e9lu Abel Bosum comme Grand Chef en 2017.<\/p>\n","protected":false},"excerpt":{"rendered":"<p>Monsieur Abel Bosum a \u00e9t\u00e9 \u00e9lu en 2017.<\/p>\n","protected":false},"author":4,"featured_media":0,"parent":1346,"menu_order":0,"comment_status":"closed","ping_status":"closed","template":"","meta":[],"tags":[],"acf":[],"_links":{"self":[{"href":"https:\/\/stage.cngov.ca\/fr\/wp-json\/wp\/v2\/pages\/1337"}],"collection":[{"href":"https:\/\/stage.cngov.ca\/fr\/wp-json\/wp\/v2\/pages"}],"about":[{"href":"https:\/\/stage.cngov.ca\/fr\/wp-json\/wp\/v2\/types\/page"}],"author":[{"embeddable":true,"href":"https:\/\/stage.cngov.ca\/fr\/wp-json\/wp\/v2\/users\/4"}],"replies":[{"embeddable":true,"href":"https:\/\/stage.cngov.ca\/fr\/wp-json\/wp\/v2\/comments?post=1337"}],"version-history":[{"count":28,"href":"https:\/\/stage.cngov.ca\/fr\/wp-json\/wp\/v2\/pages\/1337\/revisions"}],"predecessor-version":[{"id":4694,"href":"https:\/\/stage.cngov.ca\/fr\/wp-json\/wp\/v2\/pages\/1337\/revisions\/4694"}],"up":[{"embeddable":true,"href":"https:\/\/stage.cngov.ca\/fr\/wp-json\/wp\/v2\/pages\/1346"}],"wp:attachment":[{"href":"https:\/\/stage.cngov.ca\/fr\/wp-json\/wp\/v2\/media?parent=1337"}],"wp:term":[{"taxonomy":"post_tag","embeddable":true,"href":"https:\/\/stage.cngov.ca\/fr\/wp-json\/wp\/v2\/tags?post=1337"}],"curies":[{"name":"wp","href":"https:\/\/api.w.org\/{rel}","templated":true}]}}