{"id":1438,"date":"2017-11-07T15:17:01","date_gmt":"2017-11-07T15:17:01","guid":{"rendered":"http:\/\/stage.cngov.ca\/?page_id=1438"},"modified":"2018-04-11T19:17:02","modified_gmt":"2018-04-11T19:17:02","slug":"timeline","status":"publish","type":"page","link":"https:\/\/stage.cngov.ca\/fr\/communaute-et-culture\/timeline\/","title":{"rendered":"Ligne du temps"},"content":{"rendered":"<p>Depuis l&rsquo;annonce de l&rsquo;\u00e9norme projet hydro\u00e9lectrique de la Baie-James au d\u00e9but des ann\u00e9es 1970, la Nation crie a entrepris un remarquable parcours d\u2019\u00e9dification de notre Nation, un parcours marqu\u00e9 par des luttes dramatiques, des n\u00e9gociations difficiles et des r\u00e9ussites in\u00e9dites. Vous trouverez, ci-dessous, un aper\u00e7u de ce parcours \u00e9pique avec une ligne du temps o\u00f9 figurent les principaux \u00e9v\u00e9nements historiques du peuple de la Nation crie d&rsquo;Eeyou Istchee.<\/p>\n<p>Afin d&rsquo;obtenir une description br\u00e8ve d\u2019un \u00e9v\u00e9nement particulier, glissez le curseur sur celui-ci. Cliquez <a href=\"https:\/\/drive.google.com\/open?id=1jlrUATSfHjh2D-vmDU7cDu7gU854Pt5n\">ici<\/a>\u00a0pour afficher une liste et une description plus compl\u00e8tes des \u00e9v\u00e9nements cl\u00e9s de l&rsquo;histoire r\u00e9cente des Cris.<\/p>\n","protected":false},"excerpt":{"rendered":"<p>Les Cris d&rsquo;hier et d&rsquo;aujourd\u2019hui<\/p>\n","protected":false},"author":1,"featured_media":1160,"parent":1443,"menu_order":0,"comment_status":"closed","ping_status":"closed","template":"views\/template-timeline.blade.php","meta":[],"tags":[],"acf":[],"_links":{"self":[{"href":"https:\/\/stage.cngov.ca\/fr\/wp-json\/wp\/v2\/pages\/1438"}],"collection":[{"href":"https:\/\/stage.cngov.ca\/fr\/wp-json\/wp\/v2\/pages"}],"about":[{"href":"https:\/\/stage.cngov.ca\/fr\/wp-json\/wp\/v2\/types\/page"}],"author":[{"embeddable":true,"href":"https:\/\/stage.cngov.ca\/fr\/wp-json\/wp\/v2\/users\/1"}],"replies":[{"embeddable":true,"href":"https:\/\/stage.cngov.ca\/fr\/wp-json\/wp\/v2\/comments?post=1438"}],"version-history":[{"count":7,"href":"https:\/\/stage.cngov.ca\/fr\/wp-json\/wp\/v2\/pages\/1438\/revisions"}],"predecessor-version":[{"id":3309,"href":"https:\/\/stage.cngov.ca\/fr\/wp-json\/wp\/v2\/pages\/1438\/revisions\/3309"}],"up":[{"embeddable":true,"href":"https:\/\/stage.cngov.ca\/fr\/wp-json\/wp\/v2\/pages\/1443"}],"wp:featuredmedia":[{"embeddable":true,"href":"https:\/\/stage.cngov.ca\/fr\/wp-json\/wp\/v2\/media\/1160"}],"wp:attachment":[{"href":"https:\/\/stage.cngov.ca\/fr\/wp-json\/wp\/v2\/media?parent=1438"}],"wp:term":[{"taxonomy":"post_tag","embeddable":true,"href":"https:\/\/stage.cngov.ca\/fr\/wp-json\/wp\/v2\/tags?post=1438"}],"curies":[{"name":"wp","href":"https:\/\/api.w.org\/{rel}","templated":true}]}}