{"id":1548,"date":"2018-01-03T18:32:36","date_gmt":"2018-01-03T18:32:36","guid":{"rendered":"http:\/\/stage.cngov.ca\/?page_id=1548"},"modified":"2018-05-14T13:44:31","modified_gmt":"2018-05-14T17:44:31","slug":"evenements","status":"publish","type":"page","link":"https:\/\/stage.cngov.ca\/fr\/evenements\/","title":{"rendered":"\u00c9v\u00e9nements"},"content":{"rendered":"<p>S\u00e9lectionnez l&rsquo;\u00e9v\u00e9nement que vous cherchez. Vous pouvez aussi les explorer par mois et par ann\u00e9e. Certains \u00e9v\u00e9nements sont disponibles sur Livestream. Il suffit de cliquer sur le lien pour visionner en direct ou en diffus\u00e9.<\/p>\n<!-- EventON Calendar --><div id='evcal_calendar_1' class='ajde_evcal_calendar sev cev color esty_2 ajax_loading_cal' ><div id='evcal_head' class='calendar_header ' ><div class='evo_cal_above'><span class='evo-jumper-btn'>Jump Months<\/span><span class='evo-gototoday-btn' style='display:none' data-mo='4' data-yr='2026' data-dy=''>Mois courant<\/span><span class='evo-filter-btn'><em><\/em><\/span><span class='evo-sort-btn'><div class='eventon_sort_line' style='display:none'><p data-val='sort_date' data-type='date' class='evs_btn evo_sort_option evs_hide' >Date<\/p><p data-val='sort_posted' data-type='posted' class='evs_btn evo_sort_option ' >Ajout<\/p><\/div><\/span><\/div><div class='evo_cal_above_content'><div class='evo_j_container' style='display:none'>\r\n\t\t\t\t\t\t<div class='evo_j_months evo_j_dates' data-val='m'>\r\n\t\t\t\t\t\t\t<div class='legend evo_jumper_months'><a data-val='1'  title='janvier' >janvier<\/a><a data-val='2'  title='f\u00e9vrier' >f\u00e9vrier<\/a><a data-val='3'  title='mars' >mars<\/a><a data-val='4' class=\"current set\" title='avril' >avril<\/a><a data-val='5'  title='mai' >mai<\/a><a data-val='6'  title='juin' >juin<\/a><a data-val='7'  title='juillet' >juillet<\/a><a data-val='8'  title='ao\u00fbt' >ao\u00fbt<\/a><a data-val='9'  title='septembre' >septembre<\/a><a data-val='10'  title='octobre' >octobre<\/a><a data-val='11'  title='novembre' >novembre<\/a><a data-val='12'  title='d\u00e9cembre' >d\u00e9cembre<\/a><\/div><div class='clear'><\/div><\/div>\r\n\t\t\t\t\t\t\r\n\t\t\t\t\t\t<div class='evo_j_years evo_j_dates' data-val='y'>\r\n\t\t\t\t\t\t\t<p class='legend'><a data-val=\"2024\">2024<\/a><a data-val=\"2025\">2025<\/a><a class='current set' data-val=\"2026\">2026<\/a><a data-val=\"2027\">2027<\/a><a data-val=\"2028\">2028<\/a><\/p><div class='clear'><\/div>\r\n\t\t\t\t\t\t<\/div>\r\n\t\t\t\t\t<\/div><\/div><div class='evo_header_title '><p id='evcal_cur' class='evo_month_title'> avril, 2026<\/p><\/div><\/div><div class='eventon_sorting_section' style='display:none'><div class='eventon_filter_line ' data-filter_type='default'><div class='eventon_filter evo_sortOpt evo_sortList_event_type' data-filter_field=\"event_type\" data-filter_type=\"tax\" data-filter_val=\"all,all\" data-fldef=\"all,all\" data-notvals=\"[]\" data-invals=\"[&quot;all&quot;]\" >\n\t\t\t\t\t\t\t\t\t<p class='filtering_set_val'>Type d&#039;\u00c9v\u00e8nement<em class='fa fa-check'><\/em><\/p>\n\t\t\t\t\t\t\t\t\t<div class='eventon_filter_dropdown' style='display:none'><p class='evo_filter_val select all' data-filter_val='all'>Tous<\/p><p class='evo_filter_val select event_type_72 conseil ' data-filter_val='72' data-filter_slug='conseil'>Conseil<\/p><p class='evo_filter_val select event_type_73 assemblee ' data-filter_val='73' data-filter_slug='assemblee'>Assembl\u00e9e<\/p><p class='evo_filter_val select event_type_74 evenements-speciaux ' data-filter_val='74' data-filter_slug='evenements-speciaux'>\u00c9v\u00e9nements sp\u00e9ciaux<\/p><p class='evo_filter_val select event_type_75 directeurs-des-operations-et-tresoriers ' data-filter_val='75' data-filter_slug='directeurs-des-operations-et-tresoriers'>Directeurs des op\u00e9rations et tr\u00e9soriers<\/p><\/div>\t\n\t\t\t\t\t\t\t<\/div><\/div><div class='clear'><\/div><\/div><div id='eventon_loadbar_section'><div id='eventon_loadbar'><\/div><\/div><div class='evo_ajax_load_events'><span><\/span><span><\/span><span><\/span><\/div><!-- Events List --><div id='evcal_list' \r\n\t\t\t\t\tclass='eventon_events_list '>\t\t\t<div class='clear'><\/div>\r\n\t\t\t<\/div>\r\n\t\t\t<div class='clear'><\/div>\r\n\t\t\t\t\t \t<div id='evcal_footer' class='evo_bottom' style='display:none'>\r\n\t\t \t\t<div class='evo_cal_data'  data-sc='{\"accord\":\"yes\",\"bottom_nav\":\"no\",\"cal_id\":\"1\",\"cal_init_nonajax\":\"no\",\"calendar_type\":\"default\",\"ep_fields\":\"\",\"etc_override\":\"no\",\"evc_open\":\"no\",\"event_count\":0,\"event_location\":\"all\",\"event_order\":\"ASC\",\"event_organizer\":\"all\",\"event_parts\":\"no\",\"event_past_future\":\"all\",\"event_status\":\"all\",\"event_tag\":\"all\",\"event_type\":\"all\",\"event_type_2\":\"all\",\"event_type_3\":\"all\",\"event_type_4\":\"all\",\"event_type_5\":\"all\",\"event_virtual\":\"all\",\"eventtop_date_style\":0,\"eventtop_style\":2,\"exp_jumper\":\"no\",\"exp_so\":\"no\",\"filter_relationship\":\"AND\",\"filter_show_set_only\":\"no\",\"filter_type\":\"default\",\"filters\":\"yes\",\"fixed_month\":\"4\",\"fixed_year\":\"2026\",\"focus_end_date_range\":\"1777593599\",\"focus_start_date_range\":\"1775001600\",\"ft_event_priority\":\"no\",\"hide_arrows\":\"no\",\"hide_cancels\":\"no\",\"hide_empty_months\":\"no\",\"hide_end_time\":\"no\",\"hide_et_dn\":\"no\",\"hide_et_extra\":\"no\",\"hide_et_tags\":\"no\",\"hide_et_tl\":\"no\",\"hide_ft\":\"no\",\"hide_ft_img\":\"no\",\"hide_month_headers\":\"no\",\"hide_mult_occur\":\"no\",\"hide_past\":\"no\",\"hide_past_by\":\"ee\",\"hide_so\":\"no\",\"ics\":\"no\",\"jumper\":\"yes\",\"jumper_count\":5,\"jumper_offset\":\"0\",\"lang\":\"L2\",\"layout_changer\":\"no\",\"livenow_bar\":\"yes\",\"mapformat\":\"roadmap\",\"mapiconurl\":\"\",\"maps_load\":\"yes\",\"mapscroll\":\"false\",\"mapzoom\":\"14\",\"members_only\":\"no\",\"ml_priority\":\"no\",\"month_incre\":0,\"number_of_months\":\"1\",\"only_ft\":\"no\",\"pec\":\"\",\"s\":\"\",\"search\":\"\",\"search_all\":\"no\",\"sep_month\":\"no\",\"show_et_ft_img\":\"no\",\"show_limit\":\"no\",\"show_limit_ajax\":\"no\",\"show_limit_paged\":1,\"show_limit_redir\":\"\",\"show_repeats\":\"no\",\"show_upcoming\":0,\"show_year\":\"no\",\"social_share\":\"no\",\"sort_by\":\"sort_date\",\"tile_bg\":0,\"tile_bg_size\":\"full\",\"tile_count\":2,\"tile_height\":0,\"tile_style\":0,\"tiles\":\"no\",\"ux_val\":\"0\",\"view_switcher\":\"no\",\"wpml_l1\":\"\",\"wpml_l2\":\"\",\"wpml_l3\":\"\",\"yl_priority\":\"no\",\"0\":\"\",\"1\":\"\",\"2\":\"\",\"3\":\"class=\\\"str\\\">\\\"yes\\\"<\\\/span>\",\"fixed_day\":\"11\",\"_cver\":\"4.3.5\"}' data-od='{\"lang_no_events\":\"Aucun \\u00e9v\\u00e8nement\"}'><\/div>\r\n\t\t \t\t<div class='evo_cal_events' data-events=\"\"><\/div>\r\n\t\t \t<\/div>\r\n\t\t\t\t\r\n\t\t\t\r\n\t\t\t\t\t\t<\/div><!-- EventON End -->\r\n\t\t\t\n<p>&nbsp;<\/p>\n","protected":false},"excerpt":{"rendered":"<p>Suivez les activit\u00e9s, les r\u00e9unions et les \u00e9v\u00e9nements organis\u00e9s par le Gouvernement de la Nation Crie.<\/p>\n","protected":false},"author":4,"featured_media":980,"parent":0,"menu_order":0,"comment_status":"closed","ping_status":"closed","template":"views\/template-event.blade.php","meta":[],"tags":[],"acf":[],"_links":{"self":[{"href":"https:\/\/stage.cngov.ca\/fr\/wp-json\/wp\/v2\/pages\/1548"}],"collection":[{"href":"https:\/\/stage.cngov.ca\/fr\/wp-json\/wp\/v2\/pages"}],"about":[{"href":"https:\/\/stage.cngov.ca\/fr\/wp-json\/wp\/v2\/types\/page"}],"author":[{"embeddable":true,"href":"https:\/\/stage.cngov.ca\/fr\/wp-json\/wp\/v2\/users\/4"}],"replies":[{"embeddable":true,"href":"https:\/\/stage.cngov.ca\/fr\/wp-json\/wp\/v2\/comments?post=1548"}],"version-history":[{"count":9,"href":"https:\/\/stage.cngov.ca\/fr\/wp-json\/wp\/v2\/pages\/1548\/revisions"}],"predecessor-version":[{"id":3444,"href":"https:\/\/stage.cngov.ca\/fr\/wp-json\/wp\/v2\/pages\/1548\/revisions\/3444"}],"wp:featuredmedia":[{"embeddable":true,"href":"https:\/\/stage.cngov.ca\/fr\/wp-json\/wp\/v2\/media\/980"}],"wp:attachment":[{"href":"https:\/\/stage.cngov.ca\/fr\/wp-json\/wp\/v2\/media?parent=1548"}],"wp:term":[{"taxonomy":"post_tag","embeddable":true,"href":"https:\/\/stage.cngov.ca\/fr\/wp-json\/wp\/v2\/tags?post=1548"}],"curies":[{"name":"wp","href":"https:\/\/api.w.org\/{rel}","templated":true}]}}