{"id":1581,"date":"2018-01-03T20:09:27","date_gmt":"2018-01-03T20:09:27","guid":{"rendered":"http:\/\/stage.cngov.ca\/?page_id=1581"},"modified":"2018-03-09T21:38:33","modified_gmt":"2018-03-09T21:38:33","slug":"occasions-dappels-doffres-publiques-cris","status":"publish","type":"page","link":"https:\/\/stage.cngov.ca\/fr\/services\/occasions-dappels-doffres-publiques-cris\/","title":{"rendered":"Occasions d\u2019appels d\u2019offres publics cris"},"content":{"rendered":"<p>Les fournisseurs peuvent maintenant s&rsquo;inscrire en ligne aupr\u00e8s des Travaux d\u2019immobilisation et services afin d&rsquo;\u00eatre avis\u00e9 par courriel lorsqu&rsquo;un appel d&rsquo;offres est affich\u00e9.<\/p>\n","protected":false},"excerpt":{"rendered":"<p>Voir les occasions d\u2019appel d\u2019offres publics. S\u2019inscrire pour recevoir les avis d\u2019appels d&rsquo;offres.<\/p>\n","protected":false},"author":4,"featured_media":0,"parent":1522,"menu_order":0,"comment_status":"closed","ping_status":"closed","template":"views\/template-services.blade.php","meta":[],"tags":[],"acf":[],"_links":{"self":[{"href":"https:\/\/stage.cngov.ca\/fr\/wp-json\/wp\/v2\/pages\/1581"}],"collection":[{"href":"https:\/\/stage.cngov.ca\/fr\/wp-json\/wp\/v2\/pages"}],"about":[{"href":"https:\/\/stage.cngov.ca\/fr\/wp-json\/wp\/v2\/types\/page"}],"author":[{"embeddable":true,"href":"https:\/\/stage.cngov.ca\/fr\/wp-json\/wp\/v2\/users\/4"}],"replies":[{"embeddable":true,"href":"https:\/\/stage.cngov.ca\/fr\/wp-json\/wp\/v2\/comments?post=1581"}],"version-history":[{"count":2,"href":"https:\/\/stage.cngov.ca\/fr\/wp-json\/wp\/v2\/pages\/1581\/revisions"}],"predecessor-version":[{"id":2637,"href":"https:\/\/stage.cngov.ca\/fr\/wp-json\/wp\/v2\/pages\/1581\/revisions\/2637"}],"up":[{"embeddable":true,"href":"https:\/\/stage.cngov.ca\/fr\/wp-json\/wp\/v2\/pages\/1522"}],"wp:attachment":[{"href":"https:\/\/stage.cngov.ca\/fr\/wp-json\/wp\/v2\/media?parent=1581"}],"wp:term":[{"taxonomy":"post_tag","embeddable":true,"href":"https:\/\/stage.cngov.ca\/fr\/wp-json\/wp\/v2\/tags?post=1581"}],"curies":[{"name":"wp","href":"https:\/\/api.w.org\/{rel}","templated":true}]}}