{"id":1761,"date":"2018-01-04T22:18:45","date_gmt":"2018-01-04T22:18:45","guid":{"rendered":"http:\/\/stage.cngov.ca\/?page_id=1761"},"modified":"2018-04-17T16:16:12","modified_gmt":"2018-04-17T16:16:12","slug":"evaluation-des-impacts-sur-lenvironnement-et-le-milieu-social-eiems","status":"publish","type":"page","link":"https:\/\/stage.cngov.ca\/fr\/environnement\/evaluation-des-impacts-sur-lenvironnement-et-le-milieu-social-eiems\/","title":{"rendered":"\u00c9valuation des impacts sur l\u2019environnement et le milieu social (EIEMS)"},"content":{"rendered":"<p>La proc\u00e9dure d\u2019\u00e9valuation des impacts sur l\u2019environnement et le milieu social (EIEMS) a \u00e9t\u00e9 cr\u00e9\u00e9e en vertu du chapitre 22 de la\u00a0Convention de la Baie-James et du Nord qu\u00e9b\u00e9cois\u00a0(CBJNQ). Son but est d&rsquo;assurer, tr\u00e8s t\u00f4t, une \u00e9valuation et un examen des impacts sur l\u2019environnement et le milieu social des projets de d\u00e9veloppement propos\u00e9s en Eeyou Istchee.<\/p>\n","protected":false},"excerpt":{"rendered":"<p>Surveiller les impacts sur l\u2019environnement et le milieu social de projets de d\u00e9veloppement propos\u00e9s en Eeyou Istchee.<\/p>\n","protected":false},"author":4,"featured_media":1150,"parent":1563,"menu_order":0,"comment_status":"closed","ping_status":"closed","template":"","meta":[],"tags":[],"acf":[],"_links":{"self":[{"href":"https:\/\/stage.cngov.ca\/fr\/wp-json\/wp\/v2\/pages\/1761"}],"collection":[{"href":"https:\/\/stage.cngov.ca\/fr\/wp-json\/wp\/v2\/pages"}],"about":[{"href":"https:\/\/stage.cngov.ca\/fr\/wp-json\/wp\/v2\/types\/page"}],"author":[{"embeddable":true,"href":"https:\/\/stage.cngov.ca\/fr\/wp-json\/wp\/v2\/users\/4"}],"replies":[{"embeddable":true,"href":"https:\/\/stage.cngov.ca\/fr\/wp-json\/wp\/v2\/comments?post=1761"}],"version-history":[{"count":6,"href":"https:\/\/stage.cngov.ca\/fr\/wp-json\/wp\/v2\/pages\/1761\/revisions"}],"predecessor-version":[{"id":3332,"href":"https:\/\/stage.cngov.ca\/fr\/wp-json\/wp\/v2\/pages\/1761\/revisions\/3332"}],"up":[{"embeddable":true,"href":"https:\/\/stage.cngov.ca\/fr\/wp-json\/wp\/v2\/pages\/1563"}],"wp:featuredmedia":[{"embeddable":true,"href":"https:\/\/stage.cngov.ca\/fr\/wp-json\/wp\/v2\/media\/1150"}],"wp:attachment":[{"href":"https:\/\/stage.cngov.ca\/fr\/wp-json\/wp\/v2\/media?parent=1761"}],"wp:term":[{"taxonomy":"post_tag","embeddable":true,"href":"https:\/\/stage.cngov.ca\/fr\/wp-json\/wp\/v2\/tags?post=1761"}],"curies":[{"name":"wp","href":"https:\/\/api.w.org\/{rel}","templated":true}]}}