{"id":2471,"date":"2017-11-26T19:57:50","date_gmt":"2017-11-26T19:57:50","guid":{"rendered":"https:\/\/stage.cngov.ca\/gouvernance-et-structure\/le-conseil\/the-deputy-grand-chief-vice-chairperson\/"},"modified":"2018-08-01T11:25:27","modified_gmt":"2018-08-01T15:25:27","slug":"the-deputy-grand-chief-vice-chairperson","status":"publish","type":"page","link":"https:\/\/stage.cngov.ca\/fr\/gouvernance-et-structure\/le-conseil\/the-deputy-grand-chief-vice-chairperson\/","title":{"rendered":"La Grande Chef adjointe\/vice-pr\u00e9sidente"},"content":{"rendered":"<p><img decoding=\"async\" loading=\"lazy\" class=\"alignnone wp-image-2464\" src=\"https:\/\/stage.cngov.ca\/wp-content\/uploads\/2018\/03\/gccei_cng_deputygrandchief_mandy_gull-1100x1650.jpg\" alt=\"\" width=\"200\" height=\"300\" srcset=\"https:\/\/stage.cngov.ca\/wp-content\/uploads\/2018\/03\/gccei_cng_deputygrandchief_mandy_gull-1100x1650.jpg 1100w, https:\/\/stage.cngov.ca\/wp-content\/uploads\/2018\/03\/gccei_cng_deputygrandchief_mandy_gull.jpg 1365w\" sizes=\"(max-width: 200px) 100vw, 200px\" \/><\/p>\n<p>Mandy Gull a \u00e9t\u00e9 \u00e9lue en 2017<\/p>\n<p>&nbsp;<\/p>\n<p>\u00c9lue pour la premi\u00e8re fois \u00e0 une charge publique en 2014, elle a d\u2019abord servi comme Chef adjointe de sa communaut\u00e9 natale, la Premi\u00e8re Nation Crie de Waswanipi. Elle a d\u00e9tenu les portefeuilles des finances, de l\u2019administration, de l\u2019habitation et des n\u00e9gociations mini\u00e8res. Elle a occup\u00e9 un si\u00e8ge au Comit\u00e9 ex\u00e9cutif et men\u00e9 les dossiers qui incluaient des mandats pour l\u2019implantation de la gestion financi\u00e8re et de la planification strat\u00e9gique pour la communaut\u00e9. \u00c0 titre de n\u00e9gociatrice d\u00e9tenant le portefeuille des mines, elle a travaill\u00e9 intens\u00e9ment \u00e0 faire en sorte d\u2019\u00e9tablir une solide relation, doubl\u00e9e d\u2019une bonne compr\u00e9hension, avec l\u2019industrie mini\u00e8re et les entreprises en activit\u00e9 sur le territoire cri. Assumant le mandat de d\u00e9velopper le r\u00f4le \u00e9conomique de l\u2019industrie mini\u00e8re au b\u00e9n\u00e9fice de sa communaut\u00e9, elle a jou\u00e9 un r\u00f4le cl\u00e9 en mati\u00e8re d\u2019\u00e9tablissement de partenariats et de d\u00e9veloppement de Waswanipi comme joueur cl\u00e9 dans l\u2019industrie mini\u00e8re. Ses succ\u00e8s incluent la cr\u00e9ation r\u00e9ussie de coentreprises propri\u00e9t\u00e9s de la communaut\u00e9 dans les services de camp et d\u2019entretien, le forage et l\u2019exploration ainsi qu\u2019une entreprise de construction. Elle a jou\u00e9 un r\u00f4le d\u00e9terminant pour faire en sorte que Waswanipi devienne un acteur cl\u00e9 \u00e0 l\u2019int\u00e9rieur de son territoire\u00a0traditionnel et pour s\u2019assurer que l\u2019exploration mini\u00e8re soit effectu\u00e9e de fa\u00e7on \u00e0 respecter les pr\u00e9occupations de la communaut\u00e9 et la protection de l\u2019environnement.<\/p>\n<p>Mandy a aussi repr\u00e9sent\u00e9 la communaut\u00e9 dans ses efforts pour prot\u00e9ger la derni\u00e8re for\u00eat intacte dans le territoire cri. Cela incluait l\u2019\u00e9laboration de partenariats avec diff\u00e9rentes organisations non gouvernementales et la pr\u00e9sentation des positions de la communaut\u00e9 \u00e0 diff\u00e9rents endroits, positions qui mettaient en lumi\u00e8re l\u2019importance des aires prot\u00e9g\u00e9es pour la communaut\u00e9 crie. Elle a eu l\u2019occasion unique de pr\u00e9senter la position de la communaut\u00e9 lors du sommet sur le d\u00e9veloppement durable \u00e0 New York et aussi devant la Fondation Skoll \u00e0 l\u2019universit\u00e9 d\u2019Oxford en Angleterre.<\/p>\n<p>Elle a aussi agi comme repr\u00e9sentante de sa communaut\u00e9 au Conseil du Gouvernement de la Nation Crie.<\/p>\n<p>Mandy a poursuivi avec succ\u00e8s un cheminement scolaire qui l\u2019a conduit jusqu\u2019\u00e0 un baccalaur\u00e9at \u00e8s arts en sciences politiques et un autre en affaires publiques et \u00e9tudes politiques de l\u2019\u00c9cole des affaires publiques et communautaires de l\u2019Universit\u00e9 Concordia. Elle poss\u00e8de plus de 12 ans d\u2019exp\u00e9rience en administration et en gestion, ayant travaill\u00e9 pour diff\u00e9rentes entit\u00e9s et organisations cries aux niveaux tant local que r\u00e9gional.<\/p>\n<p>Elle s\u2019est \u00e9galement permis une incursion dans l\u2019entrepreneuriat et, pendant un certain nombre d\u2019ann\u00e9es, elle a exploit\u00e9 la premi\u00e8re firme de consultation crie de propri\u00e9t\u00e9 f\u00e9minine \u2013 Kapatakun Consulting \u2013 qui offrait du soutien et des services \u00e0 une client\u00e8le partout dans Eeyou Istchee.<\/p>\n<p>Mandy a toujours \u00e9t\u00e9 un membre actif de la communaut\u00e9. D\u00e8s son jeune \u00e2ge, elle a assum\u00e9 des responsabilit\u00e9s au sein de nombreux bureaux de direction et conseils, telles que vice-pr\u00e9sidente de son conseil \u00e9tudiant, pr\u00e9sidente de l\u2019Association \u00e9tudiante de Montr\u00e9al de la Commission scolaire crie, membre du bureau de direction d\u2019Awash Daycare, pr\u00e9sidente locale de Waswanipi de l\u2019Association des femmes cries d\u2019Eeyou Istchee et membre du bureau de direction et secr\u00e9taire corporative de Mishtuk Corporation.<\/p>\n<p>\u00c0 titre de Grande Chef adjointe et vice-pr\u00e9sidente, elle est heureuse d\u2019\u00eatre au service d\u2019Eeyou Istchee dans des mandats qui incluent la pr\u00e9sidence de la Commission de planification de l\u2019utilisation du territoire Eeyou, membre du Comit\u00e9 de la justice, et leader de la Table Cris-Qu\u00e9bec sur l\u2019environnement et les aires prot\u00e9g\u00e9es. Elle est aussi membre du Comit\u00e9 ex\u00e9cutif du Gouvernement de la Nation Crie, membre du bureau de direction du Gouvernement r\u00e9gional d\u2019Eeyou Istchee \u2013 Baie James et membre honoraire de l\u2019Association des femmes cries d\u2019Eeyou Istchee.<\/p>\n<p>&nbsp;<\/p>\n","protected":false},"excerpt":{"rendered":"<p>Mandy Gull est membre de la Premi\u00e8re Nation Crie de Waswanipi et elle est la seconde femme \u00e0 \u00eatre \u00e9lue Grande Chef adjointe de la Nation Crie.<\/p>\n","protected":false},"author":4,"featured_media":0,"parent":1346,"menu_order":2,"comment_status":"closed","ping_status":"closed","template":"","meta":[],"tags":[],"acf":[],"_links":{"self":[{"href":"https:\/\/stage.cngov.ca\/fr\/wp-json\/wp\/v2\/pages\/2471"}],"collection":[{"href":"https:\/\/stage.cngov.ca\/fr\/wp-json\/wp\/v2\/pages"}],"about":[{"href":"https:\/\/stage.cngov.ca\/fr\/wp-json\/wp\/v2\/types\/page"}],"author":[{"embeddable":true,"href":"https:\/\/stage.cngov.ca\/fr\/wp-json\/wp\/v2\/users\/4"}],"replies":[{"embeddable":true,"href":"https:\/\/stage.cngov.ca\/fr\/wp-json\/wp\/v2\/comments?post=2471"}],"version-history":[{"count":5,"href":"https:\/\/stage.cngov.ca\/fr\/wp-json\/wp\/v2\/pages\/2471\/revisions"}],"predecessor-version":[{"id":3881,"href":"https:\/\/stage.cngov.ca\/fr\/wp-json\/wp\/v2\/pages\/2471\/revisions\/3881"}],"up":[{"embeddable":true,"href":"https:\/\/stage.cngov.ca\/fr\/wp-json\/wp\/v2\/pages\/1346"}],"wp:attachment":[{"href":"https:\/\/stage.cngov.ca\/fr\/wp-json\/wp\/v2\/media?parent=2471"}],"wp:term":[{"taxonomy":"post_tag","embeddable":true,"href":"https:\/\/stage.cngov.ca\/fr\/wp-json\/wp\/v2\/tags?post=2471"}],"curies":[{"name":"wp","href":"https:\/\/api.w.org\/{rel}","templated":true}]}}