{"id":2638,"date":"2017-11-06T17:12:04","date_gmt":"2017-11-06T17:12:04","guid":{"rendered":"https:\/\/stage.cngov.ca\/gouvernance-et-structure\/government-services\/communications\/"},"modified":"2018-09-10T15:37:23","modified_gmt":"2018-09-10T19:37:23","slug":"communications","status":"publish","type":"page","link":"https:\/\/stage.cngov.ca\/fr\/gouvernance-et-structure\/government-services\/communications\/","title":{"rendered":"Communications"},"content":{"rendered":"<p>Notre mandat inclut la coordination et la pr\u00e9sentation d\u2019information sur les affaires courantes et les activit\u00e9s du Grand Conseil des Cris (Eeyou Istchee) et du Gouvernement de la Nation Crie \u00e0 la population d\u2019Eeyou Istchee et au grand public. Parmi nos services, mentionnons :<\/p>\n<ul>\n<li>Aide aux 10 services gr\u00e2ce \u00e0 un plan de communications<\/li>\n<li>Requ\u00eates des m\u00e9dias<\/li>\n<li>Coordination des d\u00e9clarations et des communiqu\u00e9s de presse<\/li>\n<li>Gestion du site Web officiel et des plateformes de m\u00e9dias sociaux<\/li>\n<\/ul>\n","protected":false},"excerpt":{"rendered":"<p>Nous coordonnons les communiqu\u00e9s de presse, les relations avec les m\u00e9dias et la pr\u00e9sence sur les m\u00e9dias num\u00e9riques.<\/p>\n","protected":false},"author":1,"featured_media":697,"parent":1569,"menu_order":0,"comment_status":"closed","ping_status":"closed","template":"","meta":[],"tags":[],"acf":[],"_links":{"self":[{"href":"https:\/\/stage.cngov.ca\/fr\/wp-json\/wp\/v2\/pages\/2638"}],"collection":[{"href":"https:\/\/stage.cngov.ca\/fr\/wp-json\/wp\/v2\/pages"}],"about":[{"href":"https:\/\/stage.cngov.ca\/fr\/wp-json\/wp\/v2\/types\/page"}],"author":[{"embeddable":true,"href":"https:\/\/stage.cngov.ca\/fr\/wp-json\/wp\/v2\/users\/1"}],"replies":[{"embeddable":true,"href":"https:\/\/stage.cngov.ca\/fr\/wp-json\/wp\/v2\/comments?post=2638"}],"version-history":[{"count":10,"href":"https:\/\/stage.cngov.ca\/fr\/wp-json\/wp\/v2\/pages\/2638\/revisions"}],"predecessor-version":[{"id":4177,"href":"https:\/\/stage.cngov.ca\/fr\/wp-json\/wp\/v2\/pages\/2638\/revisions\/4177"}],"up":[{"embeddable":true,"href":"https:\/\/stage.cngov.ca\/fr\/wp-json\/wp\/v2\/pages\/1569"}],"wp:featuredmedia":[{"embeddable":true,"href":"https:\/\/stage.cngov.ca\/fr\/wp-json\/wp\/v2\/media\/697"}],"wp:attachment":[{"href":"https:\/\/stage.cngov.ca\/fr\/wp-json\/wp\/v2\/media?parent=2638"}],"wp:term":[{"taxonomy":"post_tag","embeddable":true,"href":"https:\/\/stage.cngov.ca\/fr\/wp-json\/wp\/v2\/tags?post=2638"}],"curies":[{"name":"wp","href":"https:\/\/api.w.org\/{rel}","templated":true}]}}