{"id":2709,"date":"2018-03-09T23:24:54","date_gmt":"2018-03-09T23:24:54","guid":{"rendered":"https:\/\/stage.cngov.ca\/?page_id=2709"},"modified":"2018-03-09T23:28:52","modified_gmt":"2018-03-09T23:28:52","slug":"appels-doffres","status":"publish","type":"page","link":"https:\/\/stage.cngov.ca\/fr\/services\/occasions-dappels-doffres-publiques-cris\/appels-doffres\/","title":{"rendered":"Appels d&rsquo;offres"},"content":{"rendered":"<p>Le Gouvernement de la Nation Crie vous invite \u00e0 \u00e9tudier les avis d\u2019appels d&rsquo;offres.<\/p>\n<p>Toute soumission doit \u00eatre pr\u00e9sent\u00e9e par \u00e9crit et remise en mains propres, par courrier recommand\u00e9 ou par messager pr\u00e9pay\u00e9 au Gouvernement de la Nation Crie dans une enveloppe scell\u00e9e. Elle doit de plus \u00eatre re\u00e7ue avant la date limite.<\/p>\n<p>Si vous avez des questions ou des commentaires concernant les appels d&rsquo;offres, veuillez communiquer avec :<\/p>\n<p>Rachel Martin<br \/>\nGestionnaire, immobilisations<\/p>\n<p>T\u00e9l. : <strong>514-861-5837<\/strong><br \/>\nCourriel : <a href=\"mailto:procurement@cngov.ca\">procurement@cngov.ca<\/a><\/p>\n","protected":false},"excerpt":{"rendered":"<p>Occasions d\u2019appels d\u2019offres publics cris<\/p>\n","protected":false},"author":4,"featured_media":1124,"parent":1581,"menu_order":0,"comment_status":"closed","ping_status":"closed","template":"views\/template-tender.blade.php","meta":[],"tags":[],"acf":[],"_links":{"self":[{"href":"https:\/\/stage.cngov.ca\/fr\/wp-json\/wp\/v2\/pages\/2709"}],"collection":[{"href":"https:\/\/stage.cngov.ca\/fr\/wp-json\/wp\/v2\/pages"}],"about":[{"href":"https:\/\/stage.cngov.ca\/fr\/wp-json\/wp\/v2\/types\/page"}],"author":[{"embeddable":true,"href":"https:\/\/stage.cngov.ca\/fr\/wp-json\/wp\/v2\/users\/4"}],"replies":[{"embeddable":true,"href":"https:\/\/stage.cngov.ca\/fr\/wp-json\/wp\/v2\/comments?post=2709"}],"version-history":[{"count":1,"href":"https:\/\/stage.cngov.ca\/fr\/wp-json\/wp\/v2\/pages\/2709\/revisions"}],"predecessor-version":[{"id":2710,"href":"https:\/\/stage.cngov.ca\/fr\/wp-json\/wp\/v2\/pages\/2709\/revisions\/2710"}],"up":[{"embeddable":true,"href":"https:\/\/stage.cngov.ca\/fr\/wp-json\/wp\/v2\/pages\/1581"}],"wp:featuredmedia":[{"embeddable":true,"href":"https:\/\/stage.cngov.ca\/fr\/wp-json\/wp\/v2\/media\/1124"}],"wp:attachment":[{"href":"https:\/\/stage.cngov.ca\/fr\/wp-json\/wp\/v2\/media?parent=2709"}],"wp:term":[{"taxonomy":"post_tag","embeddable":true,"href":"https:\/\/stage.cngov.ca\/fr\/wp-json\/wp\/v2\/tags?post=2709"}],"curies":[{"name":"wp","href":"https:\/\/api.w.org\/{rel}","templated":true}]}}