{"id":2850,"date":"2018-03-26T20:19:23","date_gmt":"2018-03-26T20:19:23","guid":{"rendered":"https:\/\/stage.cngov.ca\/?page_id=2850"},"modified":"2018-09-18T13:41:40","modified_gmt":"2018-09-18T17:41:40","slug":"election","status":"publish","type":"page","link":"https:\/\/stage.cngov.ca\/fr\/gouvernance-et-structure\/le-conseil\/election\/","title":{"rendered":"\u00c9lection des dirigeants et repr\u00e9sentation"},"content":{"rendered":"<ul>\n<li>Un Grand Chef\/pr\u00e9sident est \u00e9lu par tous les Cris \u00e0 tous les 4 ans lors d\u2019une \u00e9lection g\u00e9n\u00e9rale tenue par scrutin secret.<\/li>\n<li>Un Grand Chef adjoint\/vice-pr\u00e9sident est \u00e9lu par tous les Cris \u00e0 tous les 4 ans lors d\u2019une \u00e9lection g\u00e9n\u00e9rale tenue par scrutin secret.<\/li>\n<li>Les Chefs \u00e9lus de chacune des 9 communaut\u00e9s si\u00e8gent aussi au Conseil. Tous les Chefs sont \u00e9lus au scrutin secret par les membres de leur communaut\u00e9 crie respective.<\/li>\n<li>Un repr\u00e9sentant \u00e9lu de chacune des 9 communaut\u00e9s si\u00e8ge aussi au Conseil pour un mandat de 3 ans. Tous les repr\u00e9sentants sont \u00e9lus au scrutin secret par les membres de leur communaut\u00e9 crie respective.<\/li>\n<li>Le Chef \u00e9lu et un repr\u00e9sentant \u00e9lu de Washaw Sibi et MoCreebec ont aussi une voix au Conseil, bien que leur statut n\u2019ait pas \u00e9t\u00e9 formellement confirm\u00e9 dans la l\u00e9gislation ou au moyen d\u2019une convention avec le gouvernement.<\/li>\n<\/ul>\n<p>&nbsp;<\/p>\n","protected":false},"excerpt":{"rendered":"<p>Le Grand Conseil des Cris (Eeyou Istchee) et le Gouvernement de la Nation Crie sont gouvern\u00e9s par un Conseil de 20 membres \u00e9lus par les b\u00e9n\u00e9ficiaires cris de la fa\u00e7on suivante.<\/p>\n","protected":false},"author":4,"featured_media":0,"parent":1346,"menu_order":4,"comment_status":"closed","ping_status":"closed","template":"","meta":[],"tags":[127],"acf":[],"_links":{"self":[{"href":"https:\/\/stage.cngov.ca\/fr\/wp-json\/wp\/v2\/pages\/2850"}],"collection":[{"href":"https:\/\/stage.cngov.ca\/fr\/wp-json\/wp\/v2\/pages"}],"about":[{"href":"https:\/\/stage.cngov.ca\/fr\/wp-json\/wp\/v2\/types\/page"}],"author":[{"embeddable":true,"href":"https:\/\/stage.cngov.ca\/fr\/wp-json\/wp\/v2\/users\/4"}],"replies":[{"embeddable":true,"href":"https:\/\/stage.cngov.ca\/fr\/wp-json\/wp\/v2\/comments?post=2850"}],"version-history":[{"count":5,"href":"https:\/\/stage.cngov.ca\/fr\/wp-json\/wp\/v2\/pages\/2850\/revisions"}],"predecessor-version":[{"id":4265,"href":"https:\/\/stage.cngov.ca\/fr\/wp-json\/wp\/v2\/pages\/2850\/revisions\/4265"}],"up":[{"embeddable":true,"href":"https:\/\/stage.cngov.ca\/fr\/wp-json\/wp\/v2\/pages\/1346"}],"wp:attachment":[{"href":"https:\/\/stage.cngov.ca\/fr\/wp-json\/wp\/v2\/media?parent=2850"}],"wp:term":[{"taxonomy":"post_tag","embeddable":true,"href":"https:\/\/stage.cngov.ca\/fr\/wp-json\/wp\/v2\/tags?post=2850"}],"curies":[{"name":"wp","href":"https:\/\/api.w.org\/{rel}","templated":true}]}}